{"id":232,"date":"2019-07-30T10:02:23","date_gmt":"2019-07-30T10:02:23","guid":{"rendered":"http:\/\/civilekgyorert.hu\/index.php\/one-page-express\/"},"modified":"2024-06-10T07:25:35","modified_gmt":"2024-06-10T07:25:35","slug":"one-page-express","status":"publish","type":"page","link":"http:\/\/civilekgyorert.hu\/","title":{"rendered":"KEZD\u0150LAP"},"content":{"rendered":"<div  data-label=\"Content\" data-id=\"content-image-left\" data-category=\"content\" class=\"content-left-image-section content-image-left dark-text-section\" id=\"content-3\" style=\"background-color: rgb(255, 221, 21); background-image: none;\" data-ovid=\"ovid-content-3-126\"> <div  class=\"gridContainer\"> <div  class=\"row\"> <div  class=\"content-left-image-imgcol\" data-type=\"column\"> <img  src=\"http:\/\/civilekgyorert.hu\/wp-content\/uploads\/2019\/07\/cropped-CGY_logo_sf_cmyk-3.jpg\" class=\"\" alt=\"\"> <\/div> <div  class=\"content-left-image-textcol dynamic-color\" data-type=\"column\"> <h2  class=\"\"><span style=\"font-family: arial black, sans-serif;\" >K\u00f6sz\u00f6nj\u00fck Gy\u0151r!<\/span><\/h2> <p  class=\"large_text\"><span style=\"font-family: arial, helvetica, sans-serif;\" >K\u00f6sz\u00f6nj\u00fck sz\u00e9pen mindenkinek a t\u00e1mogat\u00e1st, aki r\u00e1nk voksolt a 2024-es \u00f6nkorm\u00e1nyzati v\u00e1laszt\u00e1son!<\/span><br ><span style=\"font-family: arial, helvetica, sans-serif;\" >\nH\u00e1l\u00e1sak vagyunk a bizalom\u00e9rt, \u00e9s v\u00e1llal\u00e1sunkhoz h\u00edven a j\u00f3zan hangot fogjuk k\u00e9pviselni a k\u00f6zgy\u0171l\u00e9sben, hiszen az \u00d6n\u00f6k j\u00f3volt\u00e1b\u00f3l a Civilek Gy\u0151r\u00e9rt Egyes\u00fclet bejutott.<\/span><br ><span style=\"font-family: arial, helvetica, sans-serif;\" >\n\u00c9s egy\u00fattal gratul\u00e1lunk a megv\u00e1lasztott k\u00e9pvisel\u0151knek, valamint a polg\u00e1rmesternek is!<\/span><\/p>  <\/div> <\/div> <\/div> <\/div><div  data-label=\"About us\" data-id=\"about-image-section-pro\" data-category=\"about\" class=\"about-image-section-pro\" id=\"about-us-2\" style=\"background-color: rgb(255, 221, 21); background-image: none;\" data-ovid=\"ovid-about-us-2-475\"> <div  class=\"gridContainer\"> <div  class=\"row about-image-gridcol-pro\"> <div  data-type=\"column\" class=\"\">   <\/div> <div  data-type=\"column\" class=\"\">  <img  class=\"custom-image\" src=\"http:\/\/civilekgyorert.hu\/wp-content\/uploads\/2024\/02\/Terkepen-az-utak-allapota.mp4\" alt=\"\"><img  class=\"custom-image\" src=\"http:\/\/civilekgyorert.hu\/wp-content\/uploads\/2024\/02\/Terkepen-az-utak-allapota.mp4\" alt=\"\"><\/div> <\/div> <\/div> <\/div><div  id=\"kapcsolat\" data-label=\"KAPCSOLAT\" data-id=\"contact-section\" data-category=\"contact\" data-bg=\"transparent\" class=\"contact-section-formsection white-text content-relative\" style=\"background-image: none; background-color: rgb(255, 221, 21); background-size: cover; background-position: center top;\" data-ovid=\"ovid-contact-4-8499\" data-parallax-depth=\"20\"> <div  class=\"\"> <div  class=\"row_224\"> <div  class=\"contact-textrow\"> <div  class=\"contact-textcol dynamic-color\"> <h2 ><span  style=\"color: rgb(255, 221, 23); font-family: &quot;Ropa Sans&quot;, arial, helvetica, sans-serif; font-weight: 600;\">KAPCSOLAT<\/span><\/h2> <p  class=\"white_text\"><\/p> <\/div> <\/div> <\/div> <div  class=\"contact-formcol\" data-content-shortcode=\"one_page_express_contact_form shortcode=&quot;wpforms id=&amp;amp;quot;150&amp;amp;quot;&quot;\" data-editable=\"true\"><div class=\"wpforms-container wpforms-container-full\" id=\"wpforms-150\"><form id=\"wpforms-form-150\" class=\"wpforms-validate wpforms-form\" data-formid=\"150\" method=\"post\" enctype=\"multipart\/form-data\" action=\"\/index.php\/wp-json\/wp\/v2\/pages\/232\" data-token=\"9eb1b24c8c6915cc8088e0e3f2d0d48d\"><noscript class=\"wpforms-error-noscript\">Please enable JavaScript in your browser to complete this form.<\/noscript><div class=\"wpforms-field-container\"><div id=\"wpforms-150-field_0-container\" class=\"wpforms-field wpforms-field-name\" data-field-id=\"0\"><label class=\"wpforms-field-label\" for=\"wpforms-150-field_0\">N\u00e9v <span class=\"wpforms-required-label\">*<\/span><\/label><input type=\"text\" id=\"wpforms-150-field_0\" class=\"wpforms-field-large wpforms-field-required\" name=\"wpforms[fields][0]\" required><\/div><div id=\"wpforms-150-field_1-container\" class=\"wpforms-field wpforms-field-email\" data-field-id=\"1\"><label class=\"wpforms-field-label\" for=\"wpforms-150-field_1\">E-mail <span class=\"wpforms-required-label\">*<\/span><\/label><input type=\"email\" id=\"wpforms-150-field_1\" class=\"wpforms-field-large wpforms-field-required\" name=\"wpforms[fields][1]\" required><\/div><div id=\"wpforms-150-field_6-container\" class=\"wpforms-field wpforms-field-text\" data-field-id=\"6\"><label class=\"wpforms-field-label\" for=\"wpforms-150-field_6\">Telefonsz\u00e1m (p\u00e9lda:+3630-123-4567)<\/label><input type=\"text\" id=\"wpforms-150-field_6\" class=\"wpforms-field-large\" name=\"wpforms[fields][6]\" ><\/div><div id=\"wpforms-150-field_2-container\" class=\"wpforms-field wpforms-field-textarea\" data-field-id=\"2\"><label class=\"wpforms-field-label\" for=\"wpforms-150-field_2\">Az \u00fczenet sz\u00f6vege <span class=\"wpforms-required-label\">*<\/span><\/label><textarea id=\"wpforms-150-field_2\" class=\"wpforms-field-medium wpforms-field-required\" name=\"wpforms[fields][2]\" required><\/textarea><\/div><\/div><div class=\"wpforms-field wpforms-field-hp\"><label for=\"wpforms-150-field-hp\" class=\"wpforms-field-label\">Website<\/label><input type=\"text\" name=\"wpforms[hp]\" id=\"wpforms-150-field-hp\" class=\"wpforms-field-medium\"><\/div><div class=\"wpforms-submit-container\" ><input type=\"hidden\" name=\"wpforms[id]\" value=\"150\"><input type=\"hidden\" name=\"wpforms[author]\" value=\"8\"><button type=\"submit\" name=\"wpforms[submit]\" class=\"wpforms-submit \" id=\"wpforms-submit-150\" value=\"wpforms-submit\" aria-live=\"assertive\" data-alt-text=\"K\u00fcld\u00e9s...\" data-submit-text=\"Elk\u00fcld\u00f6m\">Elk\u00fcld\u00f6m<\/button><\/div><\/form><\/div>  <!-- .wpforms-container --><\/div> <\/div><\/div>","protected":false},"excerpt":{"rendered":"<p>K\u00f6sz\u00f6nj\u00fck Gy\u0151r! K\u00f6sz\u00f6nj\u00fck sz\u00e9pen mindenkinek a t\u00e1mogat\u00e1st, aki r\u00e1nk voksolt a 2024-es \u00f6nkorm\u00e1nyzati v\u00e1laszt\u00e1son! H\u00e1l\u00e1sak vagyunk a bizalom\u00e9rt, \u00e9s v\u00e1llal\u00e1sunkhoz h\u00edven a j\u00f3zan hangot fogjuk k\u00e9pviselni a k\u00f6zgy\u0171l\u00e9sben, hiszen az \u00d6n\u00f6k j\u00f3volt\u00e1b\u00f3l a Civilek Gy\u0151r\u00e9rt Egyes\u00fclet bejutott. \u00c9s egy\u00fattal gratul\u00e1lunk a megv\u00e1lasztott k\u00e9pvisel\u0151knek, valamint a polg\u00e1rmesternek is! KAPCSOLAT<\/p>\n","protected":false},"author":1,"featured_media":0,"parent":0,"menu_order":0,"comment_status":"closed","ping_status":"closed","template":"full-width-page.php","meta":[],"_links":{"self":[{"href":"http:\/\/civilekgyorert.hu\/index.php\/wp-json\/wp\/v2\/pages\/232"}],"collection":[{"href":"http:\/\/civilekgyorert.hu\/index.php\/wp-json\/wp\/v2\/pages"}],"about":[{"href":"http:\/\/civilekgyorert.hu\/index.php\/wp-json\/wp\/v2\/types\/page"}],"author":[{"embeddable":true,"href":"http:\/\/civilekgyorert.hu\/index.php\/wp-json\/wp\/v2\/users\/1"}],"replies":[{"embeddable":true,"href":"http:\/\/civilekgyorert.hu\/index.php\/wp-json\/wp\/v2\/comments?post=232"}],"version-history":[{"count":103,"href":"http:\/\/civilekgyorert.hu\/index.php\/wp-json\/wp\/v2\/pages\/232\/revisions"}],"predecessor-version":[{"id":2581,"href":"http:\/\/civilekgyorert.hu\/index.php\/wp-json\/wp\/v2\/pages\/232\/revisions\/2581"}],"wp:attachment":[{"href":"http:\/\/civilekgyorert.hu\/index.php\/wp-json\/wp\/v2\/media?parent=232"}],"curies":[{"name":"wp","href":"https:\/\/api.w.org\/{rel}","templated":true}]}}