{"id":1872,"date":"2024-02-21T08:50:04","date_gmt":"2024-02-21T08:50:04","guid":{"rendered":"http:\/\/civilekgyorert.hu\/?page_id=1872"},"modified":"2024-04-01T12:45:56","modified_gmt":"2024-04-01T12:45:56","slug":"kiadvanyaink","status":"publish","type":"page","link":"http:\/\/civilekgyorert.hu\/index.php\/kiadvanyaink\/","title":{"rendered":"Kiadv\u00e1nyaink"},"content":{"rendered":"\n<section class=\"wp-block-themeisle-blocks-advanced-columns alignfull has-2-columns has-desktop-equal-layout has-tablet-equal-layout has-mobile-collapsedRows-layout has-nogap-gap has-vertical-center\" id=\"wp-block-themeisle-blocks-advanced-columns-debe9c02\"><div class=\"wp-block-themeisle-blocks-advanced-columns-overlay\"><\/div><div class=\"innerblocks-wrap\">\n<div class=\"wp-block-themeisle-blocks-advanced-column\" id=\"wp-block-themeisle-blocks-advanced-column-1cf06e66\">\n<div id=\"wp-block-themeisle-blocks-advanced-heading-02bd25d9\" class=\"wp-block-themeisle-blocks-advanced-heading wp-block-themeisle-blocks-advanced-heading-02bd25d9\"><\/div>\n\n\n\n<h1 id=\"wp-block-themeisle-blocks-advanced-heading-b7196eeb\" class=\"wp-block-themeisle-blocks-advanced-heading wp-block-themeisle-blocks-advanced-heading-b7196eeb\">Egy \u00e1tballag\u00f3 v\u00e1ndor<\/h1>\n\n\n\n<div style=\"height:20px\" aria-hidden=\"true\" class=\"wp-block-spacer\"><\/div>\n\n\n\n<p class=\"has-text-align-left has-black-color has-text-color\">H\u00e1rs Ott\u00f3 napl\u00f3ja 1944-b\u0151l.<\/p>\n\n\n\n<p class=\"has-black-color has-text-color\">Egy 19 \u00e9ves di\u00e1k mindennapjai a sz\u00f6vets\u00e9ges bomb\u00e1z\u00e1sok \u00e1rny\u00e9k\u00e1ban.<\/p>\n\n\n\n<p class=\"has-black-color has-text-color\">Amerikai katonai lev\u00e9lt\u00e1ri anyagokkal kieg\u00e9sz\u00edtve.<\/p>\n\n\n\n<div class=\"wp-block-buttons\">\n<div class=\"wp-block-button is-style-primary is-style-outline\"><a class=\"wp-block-button__link has-black-color has-text-color\" href=\"https:\/\/ujkor.hu\/content\/gyor-langtengerben-egy-atballago-vandor-hars-otto-naploja-gyor-1944-evi-bombazasanak-mindennapjairol\" target=\"_blank\" rel=\"noreferrer noopener\"><strong>Recenzi\u00f3<\/strong><\/a><\/div>\n<\/div>\n<\/div>\n\n\n\n<div class=\"wp-block-themeisle-blocks-advanced-column\" id=\"wp-block-themeisle-blocks-advanced-column-11e58f7d\">\n<figure class=\"wp-block-image size-large\"><img loading=\"lazy\" width=\"744\" height=\"1024\" src=\"http:\/\/civilekgyorert.hu\/wp-content\/uploads\/2022\/04\/NAPLO-ELSO-BORITO-masolat-2-744x1024.jpg\" alt=\"\" class=\"wp-image-1789\" srcset=\"http:\/\/civilekgyorert.hu\/wp-content\/uploads\/2022\/04\/NAPLO-ELSO-BORITO-masolat-2-744x1024.jpg 744w, http:\/\/civilekgyorert.hu\/wp-content\/uploads\/2022\/04\/NAPLO-ELSO-BORITO-masolat-2-218x300.jpg 218w, http:\/\/civilekgyorert.hu\/wp-content\/uploads\/2022\/04\/NAPLO-ELSO-BORITO-masolat-2-768x1058.jpg 768w, http:\/\/civilekgyorert.hu\/wp-content\/uploads\/2022\/04\/NAPLO-ELSO-BORITO-masolat-2-1115x1536.jpg 1115w, http:\/\/civilekgyorert.hu\/wp-content\/uploads\/2022\/04\/NAPLO-ELSO-BORITO-masolat-2-1487x2048.jpg 1487w, http:\/\/civilekgyorert.hu\/wp-content\/uploads\/2022\/04\/NAPLO-ELSO-BORITO-masolat-2-1024x1410.jpg 1024w, http:\/\/civilekgyorert.hu\/wp-content\/uploads\/2022\/04\/NAPLO-ELSO-BORITO-masolat-2-784x1080.jpg 784w, http:\/\/civilekgyorert.hu\/wp-content\/uploads\/2022\/04\/NAPLO-ELSO-BORITO-masolat-2-scaled.jpg 1859w\" sizes=\"(max-width: 744px) 100vw, 744px\" \/><\/figure>\n<\/div>\n<\/div><\/section>\n\n\n\n<section class=\"wp-block-themeisle-blocks-advanced-columns alignfull has-2-columns has-desktop-equal-layout has-tablet-equal-layout has-mobile-collapsedRows-layout has-nogap-gap has-vertical-center\" id=\"wp-block-themeisle-blocks-advanced-columns-92ccbd1f\"><div class=\"wp-block-themeisle-blocks-advanced-columns-overlay\"><\/div><div class=\"innerblocks-wrap\">\n<div class=\"wp-block-themeisle-blocks-advanced-column\" id=\"wp-block-themeisle-blocks-advanced-column-d211a76f\">\n<div id=\"wp-block-themeisle-blocks-advanced-heading-b13b5082\" class=\"wp-block-themeisle-blocks-advanced-heading wp-block-themeisle-blocks-advanced-heading-b13b5082\"><\/div>\n\n\n\n<h1 id=\"wp-block-themeisle-blocks-advanced-heading-7f100e6c\" class=\"wp-block-themeisle-blocks-advanced-heading wp-block-themeisle-blocks-advanced-heading-7f100e6c\">Ferdinand graf von Hardegg I.<\/h1>\n\n\n\n<div style=\"height:20px\" aria-hidden=\"true\" class=\"wp-block-spacer\"><\/div>\n\n\n\n<p class=\"has-text-align-left has-black-color has-text-color\">Gy\u0151rt 1594-ben feladta a t\u00f6r\u00f6k\u00f6knek. \u00c1rul\u00f3 volt-e? <\/p>\n\n\n\n<p class=\"has-black-color has-text-color\">T\u00f6bbk\u00f6tetes sorozatunkban Hardegg \u00e9let\u00fatj\u00e1t k\u00f6vethetj\u00fck nyomon.<\/p>\n\n\n\n<div class=\"wp-block-buttons\">\n<div class=\"wp-block-button is-style-primary\"><a class=\"wp-block-button__link\" href=\"https:\/\/ujkor.hu\/content\/varfelado-arulo-vagy-a-korulmenyek-aldozata-ferdinand-graf-von-hardegg\" target=\"_blank\" rel=\"noreferrer noopener\">Recenzi\u00f3<\/a><\/div>\n<\/div>\n<\/div>\n\n\n\n<div class=\"wp-block-themeisle-blocks-advanced-column\" id=\"wp-block-themeisle-blocks-advanced-column-c8b97f6d\">\n<figure class=\"wp-block-image size-large\"><img loading=\"lazy\" width=\"458\" height=\"660\" src=\"http:\/\/civilekgyorert.hu\/wp-content\/uploads\/2024\/02\/hardegg-BORITO.jpg\" alt=\"\" class=\"wp-image-1875\" srcset=\"http:\/\/civilekgyorert.hu\/wp-content\/uploads\/2024\/02\/hardegg-BORITO.jpg 458w, http:\/\/civilekgyorert.hu\/wp-content\/uploads\/2024\/02\/hardegg-BORITO-208x300.jpg 208w\" sizes=\"(max-width: 458px) 100vw, 458px\" \/><\/figure>\n<\/div>\n<\/div><\/section>\n","protected":false},"excerpt":{"rendered":"","protected":false},"author":1,"featured_media":0,"parent":0,"menu_order":0,"comment_status":"closed","ping_status":"closed","template":"templates\/builder-fullwidth-std.php","meta":[],"_links":{"self":[{"href":"http:\/\/civilekgyorert.hu\/index.php\/wp-json\/wp\/v2\/pages\/1872"}],"collection":[{"href":"http:\/\/civilekgyorert.hu\/index.php\/wp-json\/wp\/v2\/pages"}],"about":[{"href":"http:\/\/civilekgyorert.hu\/index.php\/wp-json\/wp\/v2\/types\/page"}],"author":[{"embeddable":true,"href":"http:\/\/civilekgyorert.hu\/index.php\/wp-json\/wp\/v2\/users\/1"}],"replies":[{"embeddable":true,"href":"http:\/\/civilekgyorert.hu\/index.php\/wp-json\/wp\/v2\/comments?post=1872"}],"version-history":[{"count":3,"href":"http:\/\/civilekgyorert.hu\/index.php\/wp-json\/wp\/v2\/pages\/1872\/revisions"}],"predecessor-version":[{"id":2182,"href":"http:\/\/civilekgyorert.hu\/index.php\/wp-json\/wp\/v2\/pages\/1872\/revisions\/2182"}],"wp:attachment":[{"href":"http:\/\/civilekgyorert.hu\/index.php\/wp-json\/wp\/v2\/media?parent=1872"}],"curies":[{"name":"wp","href":"https:\/\/api.w.org\/{rel}","templated":true}]}}